{"id":96,"date":"2023-03-27T12:24:09","date_gmt":"2023-03-27T10:24:09","guid":{"rendered":"http:\/\/www.shop.quentinaube.com\/?post_type=product&#038;p=96"},"modified":"2024-09-02T17:36:24","modified_gmt":"2024-09-02T15:36:24","slug":"troll-des-grottes-etranglant-un-speleologue","status":"publish","type":"product","link":"https:\/\/www.shop.quentinaube.com\/index.php\/produit\/troll-des-grottes-etranglant-un-speleologue\/","title":{"rendered":"Troll des grottes \u00e9tranglant un sp\u00e9l\u00e9ologue"},"content":{"rendered":"<div class=\"\" data-block=\"true\" data-editor=\"1ui6c\" data-offset-key=\"dkhoi-0-0\">\n<div class=\"_1mf _1mj\" data-offset-key=\"dkhoi-0-0\"><span data-offset-key=\"dkhoi-0-0\">\u00ab\u00a0Troll des grottes \u00e9tranglant un sp\u00e9l\u00e9ologue\u00a0\u00bb est une gravure sur cuivre au burin que j&rsquo;ai r\u00e9alis\u00e9 en m\u00e9langeant folklore scandinave, sp\u00e9l\u00e9ologie et romantisme du XIXe.<\/span><\/div>\n<\/div>\n<div class=\"\" data-block=\"true\" data-editor=\"1ui6c\" data-offset-key=\"efivv-0-0\">\n<div class=\"_1mf _1mj\" data-offset-key=\"efivv-0-0\"><span data-offset-key=\"efivv-0-0\">\u00a0<\/span><\/div>\n<\/div>\n<div class=\"\" data-block=\"true\" data-editor=\"1ui6c\" data-offset-key=\"6fllk-0-0\">\n<div class=\"_1mf _1mj\" data-offset-key=\"6fllk-0-0\"><span data-offset-key=\"6fllk-0-0\">Magnifiquement imprim\u00e9s chez Les ateliers Moret \u00e0 Paris. Edition de 10 exemplaires, gravure de 20x15cm sur papier 25x34cm<\/span><\/div>\n<\/div>\n<div class=\"\" data-block=\"true\" data-editor=\"1ui6c\" data-offset-key=\"374v-0-0\">\n<div class=\"_1mf _1mj\" data-offset-key=\"374v-0-0\"><span data-offset-key=\"374v-0-0\">\u00a0<\/span><\/div>\n<\/div>\n<div class=\"\" data-block=\"true\" data-editor=\"1ui6c\" data-offset-key=\"7m5ts-0-0\">\n<div class=\"_1mf _1mj\" data-offset-key=\"7m5ts-0-0\"><span data-offset-key=\"7m5ts-0-0\">La sculpture qui nous accueil \u00e0 l&rsquo;entr\u00e9e du Mus\u00e9e de La Pal\u00e9ontologie du jardin des plantes \u00e0 Paris m&rsquo;a toujours beaucoup intrigu\u00e9. R\u00e9alis\u00e9s par Emmanuel Fr\u00e9miet, elle refl\u00e8te la vision fantasm\u00e9 des terres exotiques et \u00ab\u00a0sauvages\u00a0\u00bb que l&rsquo;occident avais des dans les ann\u00e9es 1900. (ce que repr\u00e9sente la sculpture est impossible)<\/span><\/div>\n<\/div>\n<div class=\"\" data-block=\"true\" data-editor=\"1ui6c\" data-offset-key=\"f6bm1-0-0\">\n<div class=\"_1mf _1mj\" data-offset-key=\"f6bm1-0-0\"><span data-offset-key=\"f6bm1-0-0\">\u00a0<\/span><\/div>\n<\/div>\n<div class=\"\" data-block=\"true\" data-editor=\"1ui6c\" data-offset-key=\"cbiao-0-0\">\n<div class=\"_1mf _1mj\" data-offset-key=\"cbiao-0-0\"><span data-offset-key=\"cbiao-0-0\">Directement inspir\u00e9e de cette sculpture, ma gravure est un m\u00e9lange de symboles dont je ne suis pas certain de la signification&#8230; J&rsquo;y vois un message \u00e9colo et une revanche des mythes pa\u00efen. Mais selon ce que l&rsquo;on per\u00e7ois de la sculpture de Fr\u00e9miet, ptet bien que \u00e7a veut dire tout autre chose.<\/span><\/div>\n<\/div>\n","protected":false},"excerpt":{"rendered":"<p>Gravure au burin, tirage en 10 exemplaires<\/p>\n<ul>\n<li class=\"wt-list-unstyled wt-display-flex-xs wt-align-items-flex-start\">\n<div class=\"wt-ml-xs-2\">Largeur: 34 centim\u00e8tres<\/div>\n<\/li>\n<li class=\"wt-list-unstyled wt-display-flex-xs wt-align-items-flex-start\">\n<div class=\"wt-ml-xs-2\">Hauteur: 25 centim\u00e8tres<\/div>\n<\/li>\n<\/ul>\n","protected":false},"featured_media":97,"comment_status":"closed","ping_status":"closed","template":"","meta":{"site-sidebar-layout":"default","site-content-layout":"default","ast-site-content-layout":"","site-content-style":"default","site-sidebar-style":"default","ast-global-header-display":"","ast-banner-title-visibility":"","ast-main-header-display":"","ast-hfb-above-header-display":"","ast-hfb-below-header-display":"","ast-hfb-mobile-header-display":"","site-post-title":"","ast-breadcrumbs-content":"","ast-featured-img":"","footer-sml-layout":"","theme-transparent-header-meta":"default","adv-header-id-meta":"","stick-header-meta":"","header-above-stick-meta":"","header-main-stick-meta":"","header-below-stick-meta":"","astra-migrate-meta-layouts":"default","ast-page-background-enabled":"default","ast-page-background-meta":{"desktop":{"background-color":"var(--ast-global-color-4)","background-image":"","background-repeat":"repeat","background-position":"center center","background-size":"auto","background-attachment":"scroll","background-type":"","background-media":"","overlay-type":"","overlay-color":"","overlay-opacity":"","overlay-gradient":""},"tablet":{"background-color":"","background-image":"","background-repeat":"repeat","background-position":"center center","background-size":"auto","background-attachment":"scroll","background-type":"","background-media":"","overlay-type":"","overlay-color":"","overlay-opacity":"","overlay-gradient":""},"mobile":{"background-color":"","background-image":"","background-repeat":"repeat","background-position":"center center","background-size":"auto","background-attachment":"scroll","background-type":"","background-media":"","overlay-type":"","overlay-color":"","overlay-opacity":"","overlay-gradient":""}},"ast-content-background-meta":{"desktop":{"background-color":"var(--ast-global-color-5)","background-image":"","background-repeat":"repeat","background-position":"center center","background-size":"auto","background-attachment":"scroll","background-type":"","background-media":"","overlay-type":"","overlay-color":"","overlay-opacity":"","overlay-gradient":""},"tablet":{"background-color":"var(--ast-global-color-5)","background-image":"","background-repeat":"repeat","background-position":"center center","background-size":"auto","background-attachment":"scroll","background-type":"","background-media":"","overlay-type":"","overlay-color":"","overlay-opacity":"","overlay-gradient":""},"mobile":{"background-color":"var(--ast-global-color-5)","background-image":"","background-repeat":"repeat","background-position":"center center","background-size":"auto","background-attachment":"scroll","background-type":"","background-media":"","overlay-type":"","overlay-color":"","overlay-opacity":"","overlay-gradient":""}}},"product_brand":[],"product_cat":[34,51,57],"product_tag":[],"class_list":{"0":"post-96","1":"product","2":"type-product","3":"status-publish","4":"has-post-thumbnail","6":"product_cat-gravures","7":"product_cat-kta-souterrains","8":"product_cat-tout","9":"product_shipping_class-lettre-a4-et","10":"desktop-align-center","11":"tablet-align-center","12":"mobile-align-center","14":"first","15":"instock","16":"shipping-taxable","17":"purchasable","18":"product-type-simple"},"_links":{"self":[{"href":"https:\/\/www.shop.quentinaube.com\/index.php\/wp-json\/wp\/v2\/product\/96","targetHints":{"allow":["GET"]}}],"collection":[{"href":"https:\/\/www.shop.quentinaube.com\/index.php\/wp-json\/wp\/v2\/product"}],"about":[{"href":"https:\/\/www.shop.quentinaube.com\/index.php\/wp-json\/wp\/v2\/types\/product"}],"replies":[{"embeddable":true,"href":"https:\/\/www.shop.quentinaube.com\/index.php\/wp-json\/wp\/v2\/comments?post=96"}],"wp:featuredmedia":[{"embeddable":true,"href":"https:\/\/www.shop.quentinaube.com\/index.php\/wp-json\/wp\/v2\/media\/97"}],"wp:attachment":[{"href":"https:\/\/www.shop.quentinaube.com\/index.php\/wp-json\/wp\/v2\/media?parent=96"}],"wp:term":[{"taxonomy":"product_brand","embeddable":true,"href":"https:\/\/www.shop.quentinaube.com\/index.php\/wp-json\/wp\/v2\/product_brand?post=96"},{"taxonomy":"product_cat","embeddable":true,"href":"https:\/\/www.shop.quentinaube.com\/index.php\/wp-json\/wp\/v2\/product_cat?post=96"},{"taxonomy":"product_tag","embeddable":true,"href":"https:\/\/www.shop.quentinaube.com\/index.php\/wp-json\/wp\/v2\/product_tag?post=96"}],"curies":[{"name":"wp","href":"https:\/\/api.w.org\/{rel}","templated":true}]}}