{"id":549,"date":"2026-02-17T00:38:44","date_gmt":"2026-02-16T23:38:44","guid":{"rendered":"https:\/\/www.shop.quentinaube.com\/?post_type=product&#038;p=549"},"modified":"2026-02-17T00:40:15","modified_gmt":"2026-02-16T23:40:15","slug":"canon-machine-extraordinaire","status":"publish","type":"product","link":"https:\/\/www.shop.quentinaube.com\/index.php\/produit\/canon-machine-extraordinaire\/","title":{"rendered":"Canon &#8211; Machine Extraordinaire"},"content":{"rendered":"<p>Cette image trouve son origine dans un projet culturel consistant en la repr\u00e9sentation des machines extraordinaires de Jules Vernes r\u00e9invent\u00e9es par des groupes scolaires \u00e9l\u00e9mentaires et maternels.<\/p>\n<p>Sur base des croquis, maquettes et notes des diff\u00e9rents groupes de jeunes inventeurs,  j\u2019ai donc explor\u00e9 l&rsquo;esth\u00e9tique des machines \u00e0 vapeur et des ballons zeppelin pour d\u00e9velopper l\u2019aspect m\u00e9canique et merveilleux de leurs inventions. Le tout dessin\u00e9 avec un style \u201cen hachures\u201d, partie int\u00e9grante de mon identit\u00e9 artistique et directement inspir\u00e9 des gravures sur bois illustrant les romans de Jules Vernes dans la collection \u201cVoyages Extraordinaires\u201d.<\/p>\n<p>En animant ces machines dans leur environnement et en les repr\u00e9sentant de mani\u00e8re fonctionnelle et descriptive, je voulais que ces dessins soit un appel \u00e0 l\u2019invention, au voyage et au r\u00eave.<\/p>\n","protected":false},"excerpt":{"rendered":"<p>Illustration &#8211; Tirage num\u00e9rique Fine Art<\/p>\n<ul>\n<li>largeur\u00a0 : 21 cm<\/li>\n<li>hauteur : 29,7 cm<\/li>\n<\/ul>\n","protected":false},"featured_media":544,"comment_status":"open","ping_status":"closed","template":"","meta":{"site-sidebar-layout":"default","site-content-layout":"","ast-site-content-layout":"default","site-content-style":"default","site-sidebar-style":"default","ast-global-header-display":"","ast-banner-title-visibility":"","ast-main-header-display":"","ast-hfb-above-header-display":"","ast-hfb-below-header-display":"","ast-hfb-mobile-header-display":"","site-post-title":"","ast-breadcrumbs-content":"","ast-featured-img":"","footer-sml-layout":"","theme-transparent-header-meta":"default","adv-header-id-meta":"","stick-header-meta":"","header-above-stick-meta":"","header-main-stick-meta":"","header-below-stick-meta":"","astra-migrate-meta-layouts":"set","ast-page-background-enabled":"default","ast-page-background-meta":{"desktop":{"background-color":"var(--ast-global-color-4)","background-image":"","background-repeat":"repeat","background-position":"center center","background-size":"auto","background-attachment":"scroll","background-type":"","background-media":"","overlay-type":"","overlay-color":"","overlay-opacity":"","overlay-gradient":""},"tablet":{"background-color":"","background-image":"","background-repeat":"repeat","background-position":"center center","background-size":"auto","background-attachment":"scroll","background-type":"","background-media":"","overlay-type":"","overlay-color":"","overlay-opacity":"","overlay-gradient":""},"mobile":{"background-color":"","background-image":"","background-repeat":"repeat","background-position":"center center","background-size":"auto","background-attachment":"scroll","background-type":"","background-media":"","overlay-type":"","overlay-color":"","overlay-opacity":"","overlay-gradient":""}},"ast-content-background-meta":{"desktop":{"background-color":"var(--ast-global-color-5)","background-image":"","background-repeat":"repeat","background-position":"center center","background-size":"auto","background-attachment":"scroll","background-type":"","background-media":"","overlay-type":"","overlay-color":"","overlay-opacity":"","overlay-gradient":""},"tablet":{"background-color":"var(--ast-global-color-5)","background-image":"","background-repeat":"repeat","background-position":"center center","background-size":"auto","background-attachment":"scroll","background-type":"","background-media":"","overlay-type":"","overlay-color":"","overlay-opacity":"","overlay-gradient":""},"mobile":{"background-color":"var(--ast-global-color-5)","background-image":"","background-repeat":"repeat","background-position":"center center","background-size":"auto","background-attachment":"scroll","background-type":"","background-media":"","overlay-type":"","overlay-color":"","overlay-opacity":"","overlay-gradient":""}}},"product_brand":[],"product_cat":[46],"product_tag":[],"class_list":{"0":"post-549","1":"product","2":"type-product","3":"status-publish","4":"has-post-thumbnail","6":"product_cat-prints","7":"product_shipping_class-lettre-a4-et","8":"desktop-align-center","9":"tablet-align-center","10":"mobile-align-center","12":"first","13":"instock","14":"shipping-taxable","15":"purchasable","16":"product-type-simple"},"_links":{"self":[{"href":"https:\/\/www.shop.quentinaube.com\/index.php\/wp-json\/wp\/v2\/product\/549","targetHints":{"allow":["GET"]}}],"collection":[{"href":"https:\/\/www.shop.quentinaube.com\/index.php\/wp-json\/wp\/v2\/product"}],"about":[{"href":"https:\/\/www.shop.quentinaube.com\/index.php\/wp-json\/wp\/v2\/types\/product"}],"replies":[{"embeddable":true,"href":"https:\/\/www.shop.quentinaube.com\/index.php\/wp-json\/wp\/v2\/comments?post=549"}],"wp:featuredmedia":[{"embeddable":true,"href":"https:\/\/www.shop.quentinaube.com\/index.php\/wp-json\/wp\/v2\/media\/544"}],"wp:attachment":[{"href":"https:\/\/www.shop.quentinaube.com\/index.php\/wp-json\/wp\/v2\/media?parent=549"}],"wp:term":[{"taxonomy":"product_brand","embeddable":true,"href":"https:\/\/www.shop.quentinaube.com\/index.php\/wp-json\/wp\/v2\/product_brand?post=549"},{"taxonomy":"product_cat","embeddable":true,"href":"https:\/\/www.shop.quentinaube.com\/index.php\/wp-json\/wp\/v2\/product_cat?post=549"},{"taxonomy":"product_tag","embeddable":true,"href":"https:\/\/www.shop.quentinaube.com\/index.php\/wp-json\/wp\/v2\/product_tag?post=549"}],"curies":[{"name":"wp","href":"https:\/\/api.w.org\/{rel}","templated":true}]}}