{"id":432,"date":"2024-09-02T17:21:23","date_gmt":"2024-09-02T15:21:23","guid":{"rendered":"https:\/\/www.shop.quentinaube.com\/?post_type=product&#038;p=432"},"modified":"2025-12-07T11:07:08","modified_gmt":"2025-12-07T10:07:08","slug":"lepus-armaturus","status":"publish","type":"product","link":"https:\/\/www.shop.quentinaube.com\/index.php\/produit\/lepus-armaturus\/","title":{"rendered":"Lepus Armaturus"},"content":{"rendered":"<p>Lepus armaturus<br \/>\ntraduction : lapin blind\u00e9\/en armure<br \/>\nCe dessin est un exercice de style dans le cadre de la cr\u00e9ation d&rsquo;un univers dont la biologie aurais fusionn\u00e9e avec l&rsquo;artisanat m\u00e9di\u00e9val. Il y est repr\u00e9sent\u00e9 un li\u00e8vre enti\u00e8rement en armure entourn\u00e9 d&rsquo;une \u00ab\u00a0v\u00e9g\u00e9tation\u00a0\u00bb inspir\u00e9e de motifs de ferronneries.<\/p>\n<p>Impression jet d&rsquo;encre (encres \u00e0 pigments) sur papier Fine-Art Museum 260g.<\/p>\n<p>Chaque tirage est num\u00e9rot\u00e9, sign\u00e9 et dat\u00e9.<\/p>\n","protected":false},"excerpt":{"rendered":"<p>Illustration &#8211; Tirage num\u00e9rique<\/p>\n<ul>\n<li>largeur\u00a0 : 21 cm<\/li>\n<li>hauteur : 29,7 cm<\/li>\n<\/ul>\n","protected":false},"featured_media":418,"comment_status":"closed","ping_status":"closed","template":"","meta":{"site-sidebar-layout":"default","site-content-layout":"default","ast-site-content-layout":"default","site-content-style":"default","site-sidebar-style":"default","ast-global-header-display":"","ast-banner-title-visibility":"","ast-main-header-display":"","ast-hfb-above-header-display":"","ast-hfb-below-header-display":"","ast-hfb-mobile-header-display":"","site-post-title":"","ast-breadcrumbs-content":"","ast-featured-img":"","footer-sml-layout":"","theme-transparent-header-meta":"default","adv-header-id-meta":"","stick-header-meta":"","header-above-stick-meta":"","header-main-stick-meta":"","header-below-stick-meta":"","astra-migrate-meta-layouts":"set","ast-page-background-enabled":"default","ast-page-background-meta":{"desktop":{"background-color":"var(--ast-global-color-4)","background-image":"","background-repeat":"repeat","background-position":"center center","background-size":"auto","background-attachment":"scroll","background-type":"","background-media":"","overlay-type":"","overlay-color":"","overlay-opacity":"","overlay-gradient":""},"tablet":{"background-color":"","background-image":"","background-repeat":"repeat","background-position":"center center","background-size":"auto","background-attachment":"scroll","background-type":"","background-media":"","overlay-type":"","overlay-color":"","overlay-opacity":"","overlay-gradient":""},"mobile":{"background-color":"","background-image":"","background-repeat":"repeat","background-position":"center center","background-size":"auto","background-attachment":"scroll","background-type":"","background-media":"","overlay-type":"","overlay-color":"","overlay-opacity":"","overlay-gradient":""}},"ast-content-background-meta":{"desktop":{"background-color":"var(--ast-global-color-5)","background-image":"","background-repeat":"repeat","background-position":"center center","background-size":"auto","background-attachment":"scroll","background-type":"","background-media":"","overlay-type":"","overlay-color":"","overlay-opacity":"","overlay-gradient":""},"tablet":{"background-color":"var(--ast-global-color-5)","background-image":"","background-repeat":"repeat","background-position":"center center","background-size":"auto","background-attachment":"scroll","background-type":"","background-media":"","overlay-type":"","overlay-color":"","overlay-opacity":"","overlay-gradient":""},"mobile":{"background-color":"var(--ast-global-color-5)","background-image":"","background-repeat":"repeat","background-position":"center center","background-size":"auto","background-attachment":"scroll","background-type":"","background-media":"","overlay-type":"","overlay-color":"","overlay-opacity":"","overlay-gradient":""}}},"product_brand":[],"product_cat":[46,57],"product_tag":[],"class_list":{"0":"post-432","1":"product","2":"type-product","3":"status-publish","4":"has-post-thumbnail","6":"product_cat-prints","7":"product_cat-tout","8":"product_shipping_class-lettre-a3-et","9":"desktop-align-center","10":"tablet-align-center","11":"mobile-align-center","13":"first","14":"instock","15":"shipping-taxable","16":"purchasable","17":"product-type-simple"},"_links":{"self":[{"href":"https:\/\/www.shop.quentinaube.com\/index.php\/wp-json\/wp\/v2\/product\/432","targetHints":{"allow":["GET"]}}],"collection":[{"href":"https:\/\/www.shop.quentinaube.com\/index.php\/wp-json\/wp\/v2\/product"}],"about":[{"href":"https:\/\/www.shop.quentinaube.com\/index.php\/wp-json\/wp\/v2\/types\/product"}],"replies":[{"embeddable":true,"href":"https:\/\/www.shop.quentinaube.com\/index.php\/wp-json\/wp\/v2\/comments?post=432"}],"wp:featuredmedia":[{"embeddable":true,"href":"https:\/\/www.shop.quentinaube.com\/index.php\/wp-json\/wp\/v2\/media\/418"}],"wp:attachment":[{"href":"https:\/\/www.shop.quentinaube.com\/index.php\/wp-json\/wp\/v2\/media?parent=432"}],"wp:term":[{"taxonomy":"product_brand","embeddable":true,"href":"https:\/\/www.shop.quentinaube.com\/index.php\/wp-json\/wp\/v2\/product_brand?post=432"},{"taxonomy":"product_cat","embeddable":true,"href":"https:\/\/www.shop.quentinaube.com\/index.php\/wp-json\/wp\/v2\/product_cat?post=432"},{"taxonomy":"product_tag","embeddable":true,"href":"https:\/\/www.shop.quentinaube.com\/index.php\/wp-json\/wp\/v2\/product_tag?post=432"}],"curies":[{"name":"wp","href":"https:\/\/api.w.org\/{rel}","templated":true}]}}