{"id":383,"date":"2024-08-31T15:42:45","date_gmt":"2024-08-31T13:42:45","guid":{"rendered":"https:\/\/www.shop.quentinaube.com\/?post_type=product&#038;p=383"},"modified":"2025-12-07T11:20:47","modified_gmt":"2025-12-07T10:20:47","slug":"ossa-arida-planche-1-nb","status":"publish","type":"product","link":"https:\/\/www.shop.quentinaube.com\/index.php\/produit\/ossa-arida-planche-1-nb\/","title":{"rendered":"Ossa Arida &#8211; Planche 1 &#8211; N&#038;B"},"content":{"rendered":"<p>Impression num\u00e9rique de la page 1\/3 de ma BD \u00ab\u00a0Ossa Arida\u00a0\u00bb sur les plaques perdues des catacombes de Paris.<br \/>\n(version encrage seul)<\/p>\n<p>Ossa Arida est une courte bande dessin\u00e9e sur le th\u00e8me des catacombes de Paris, en particulier sur les plaques grav\u00e9es \u00ab\u00a0Ossa Arida\u00a0\u00bb.<br \/>\nL&rsquo;histoire de ces plaques est assez rocambolesque, d&rsquo;abord destin\u00e9es au mus\u00e9e des catacombes officielles, elles ont fini dans le r\u00e9seau interdit et attendent l\u00e0 depuis des ann\u00e9es.<br \/>\nJe propose dans cette bande dessin\u00e9e une petite explication de leur mise \u00e0 l&rsquo;\u00e9cart.<\/p>\n<p>L\u2019article est une impression jet d\u2019encre (encres \u00e0 pigments) sur papier Fine-Art Museum 260g<\/p>\n<p>Chaque tirage est num\u00e9rot\u00e9, sign\u00e9 et dat\u00e9.<\/p>\n","protected":false},"excerpt":{"rendered":"<p>BD \u00ab\u00a0Ossa Arida\u00a0\u00bb page 1\/3 (version encrage seul).<\/p>\n<p>Impression encre \u00e0 pigments<br \/>\nPapier Fine Art Museum 260g<br \/>\nformat A3 (29,7 x 42 cm)<\/p>\n<p>Num\u00e9rot\u00e9, sign\u00e9 et dat\u00e9<\/p>\n","protected":false},"featured_media":386,"comment_status":"open","ping_status":"closed","template":"","meta":{"site-sidebar-layout":"default","site-content-layout":"","ast-site-content-layout":"default","site-content-style":"default","site-sidebar-style":"default","ast-global-header-display":"","ast-banner-title-visibility":"","ast-main-header-display":"","ast-hfb-above-header-display":"","ast-hfb-below-header-display":"","ast-hfb-mobile-header-display":"","site-post-title":"","ast-breadcrumbs-content":"","ast-featured-img":"","footer-sml-layout":"","theme-transparent-header-meta":"default","adv-header-id-meta":"","stick-header-meta":"","header-above-stick-meta":"","header-main-stick-meta":"","header-below-stick-meta":"","astra-migrate-meta-layouts":"set","ast-page-background-enabled":"default","ast-page-background-meta":{"desktop":{"background-color":"var(--ast-global-color-4)","background-image":"","background-repeat":"repeat","background-position":"center center","background-size":"auto","background-attachment":"scroll","background-type":"","background-media":"","overlay-type":"","overlay-color":"","overlay-opacity":"","overlay-gradient":""},"tablet":{"background-color":"","background-image":"","background-repeat":"repeat","background-position":"center center","background-size":"auto","background-attachment":"scroll","background-type":"","background-media":"","overlay-type":"","overlay-color":"","overlay-opacity":"","overlay-gradient":""},"mobile":{"background-color":"","background-image":"","background-repeat":"repeat","background-position":"center center","background-size":"auto","background-attachment":"scroll","background-type":"","background-media":"","overlay-type":"","overlay-color":"","overlay-opacity":"","overlay-gradient":""}},"ast-content-background-meta":{"desktop":{"background-color":"var(--ast-global-color-5)","background-image":"","background-repeat":"repeat","background-position":"center center","background-size":"auto","background-attachment":"scroll","background-type":"","background-media":"","overlay-type":"","overlay-color":"","overlay-opacity":"","overlay-gradient":""},"tablet":{"background-color":"var(--ast-global-color-5)","background-image":"","background-repeat":"repeat","background-position":"center center","background-size":"auto","background-attachment":"scroll","background-type":"","background-media":"","overlay-type":"","overlay-color":"","overlay-opacity":"","overlay-gradient":""},"mobile":{"background-color":"var(--ast-global-color-5)","background-image":"","background-repeat":"repeat","background-position":"center center","background-size":"auto","background-attachment":"scroll","background-type":"","background-media":"","overlay-type":"","overlay-color":"","overlay-opacity":"","overlay-gradient":""}}},"product_brand":[],"product_cat":[46,56,51,57],"product_tag":[],"class_list":{"0":"post-383","1":"product","2":"type-product","3":"status-publish","4":"has-post-thumbnail","6":"product_cat-prints","7":"product_cat-bandes-dessinees","8":"product_cat-kta-souterrains","9":"product_cat-tout","10":"product_shipping_class-lettre-a3-et","11":"desktop-align-center","12":"tablet-align-center","13":"mobile-align-center","15":"first","16":"instock","17":"shipping-taxable","18":"purchasable","19":"product-type-simple"},"_links":{"self":[{"href":"https:\/\/www.shop.quentinaube.com\/index.php\/wp-json\/wp\/v2\/product\/383","targetHints":{"allow":["GET"]}}],"collection":[{"href":"https:\/\/www.shop.quentinaube.com\/index.php\/wp-json\/wp\/v2\/product"}],"about":[{"href":"https:\/\/www.shop.quentinaube.com\/index.php\/wp-json\/wp\/v2\/types\/product"}],"replies":[{"embeddable":true,"href":"https:\/\/www.shop.quentinaube.com\/index.php\/wp-json\/wp\/v2\/comments?post=383"}],"wp:featuredmedia":[{"embeddable":true,"href":"https:\/\/www.shop.quentinaube.com\/index.php\/wp-json\/wp\/v2\/media\/386"}],"wp:attachment":[{"href":"https:\/\/www.shop.quentinaube.com\/index.php\/wp-json\/wp\/v2\/media?parent=383"}],"wp:term":[{"taxonomy":"product_brand","embeddable":true,"href":"https:\/\/www.shop.quentinaube.com\/index.php\/wp-json\/wp\/v2\/product_brand?post=383"},{"taxonomy":"product_cat","embeddable":true,"href":"https:\/\/www.shop.quentinaube.com\/index.php\/wp-json\/wp\/v2\/product_cat?post=383"},{"taxonomy":"product_tag","embeddable":true,"href":"https:\/\/www.shop.quentinaube.com\/index.php\/wp-json\/wp\/v2\/product_tag?post=383"}],"curies":[{"name":"wp","href":"https:\/\/api.w.org\/{rel}","templated":true}]}}